{"id":2874,"date":"2025-07-17T15:30:51","date_gmt":"2025-07-17T13:30:51","guid":{"rendered":"https:\/\/i-groove.poush-dev.be\/lequipe\/"},"modified":"2025-09-26T16:47:46","modified_gmt":"2025-09-26T14:47:46","slug":"het-team","status":"publish","type":"page","link":"https:\/\/i-groove.be\/nl\/het-team\/","title":{"rendered":"Het team"},"content":{"rendered":"<p>[et_pb_section fb_built=&#8221;1&#8243; fullwidth=&#8221;on&#8221; _builder_version=&#8221;4.27.4&#8243; _module_preset=&#8221;default&#8221; global_colors_info=&#8221;{}&#8221;][et_pb_fullwidth_slider _builder_version=&#8221;4.27.4&#8243; _module_preset=&#8221;263097a1-f3ec-4eb6-bdf7-cb8b359d329e&#8221; global_colors_info=&#8221;{}&#8221;][et_pb_slide _builder_version=&#8221;4.27.4&#8243; _module_preset=&#8221;default&#8221; background_enable_color=&#8221;off&#8221; background_image=&#8221;https:\/\/i-groove.be\/wp-content\/uploads\/2025\/07\/IGROOVE-2.webp&#8221; background_enable_image=&#8221;on&#8221; global_colors_info=&#8221;{}&#8221; sticky_transition=&#8221;on&#8221;][\/et_pb_slide][et_pb_slide _builder_version=&#8221;4.27.4&#8243; _module_preset=&#8221;default&#8221; background_enable_color=&#8221;off&#8221; background_image=&#8221;https:\/\/i-groove.be\/wp-content\/uploads\/2025\/09\/Oniryx-Methodologie-IA.webp&#8221; background_enable_image=&#8221;on&#8221; global_colors_info=&#8221;{}&#8221; sticky_transition=&#8221;on&#8221;][\/et_pb_slide][\/et_pb_fullwidth_slider][\/et_pb_section][et_pb_section fb_built=&#8221;1&#8243; _builder_version=&#8221;4.27.4&#8243; _module_preset=&#8221;default&#8221; z_index=&#8221;10&#8243; overflow-x=&#8221;visible&#8221; overflow-y=&#8221;visible&#8221; custom_padding=&#8221;0px|6vw||6vw|false|true&#8221; global_colors_info=&#8221;{}&#8221;][et_pb_row use_custom_gutter=&#8221;on&#8221; gutter_width=&#8221;1&#8243; make_equal=&#8221;on&#8221; _builder_version=&#8221;4.27.4&#8243; _module_preset=&#8221;default&#8221; background_color=&#8221;#FFFFFF&#8221; z_index=&#8221;10&#8243; overflow-x=&#8221;visible&#8221; overflow-y=&#8221;visible&#8221; custom_margin=&#8221;-50px||||false|false&#8221; custom_margin_tablet=&#8221;-50px||||false|false&#8221; custom_margin_phone=&#8221;-50px||||false|false&#8221; custom_margin_last_edited=&#8221;on|tablet&#8221; custom_padding=&#8221;35px|30px||30px|false|true&#8221; border_radii=&#8221;on|50px|50px|50px|50px&#8221; box_shadow_style=&#8221;preset1&#8243; box_shadow_blur=&#8221;30px&#8221; box_shadow_color=&#8221;rgba(0,0,0,0.1)&#8221; global_colors_info=&#8221;{}&#8221;][et_pb_column type=&#8221;4_4&#8243; _builder_version=&#8221;4.27.4&#8243; _module_preset=&#8221;default&#8221; global_colors_info=&#8221;{}&#8221;][et_pb_text _builder_version=&#8221;4.27.4&#8243; _module_preset=&#8221;default&#8221; text_orientation=&#8221;center&#8221; max_width=&#8221;800px&#8221; module_alignment=&#8221;center&#8221; custom_margin=&#8221;||35px||false|false&#8221; global_colors_info=&#8221;{}&#8221;]<\/p>\n<h1 style=\"text-align: center;\" align=\"center\">Wie zijn wij?<\/h1>\n<h2>Het team<\/h2>\n<p>[\/et_pb_text][dsm_image_carousel gallery_ids=&#8221;2337,2346,3069&#8243; sizes=&#8221;et-pb-post-main-image&#8221; lazyload=&#8221;on&#8221; _builder_version=&#8221;4.27.4&#8243; _module_preset=&#8221;ee87ee3d-5d03-4977-a04c-f76d03278986&#8243; hover_enabled=&#8221;0&#8243; global_colors_info=&#8221;{}&#8221; sticky_enabled=&#8221;0&#8243;][\/dsm_image_carousel][\/et_pb_column][\/et_pb_row][et_pb_row _builder_version=&#8221;4.27.4&#8243; _module_preset=&#8221;default&#8221; custom_margin=&#8221;50px||||false|false&#8221; global_colors_info=&#8221;{}&#8221;][et_pb_column type=&#8221;4_4&#8243; _builder_version=&#8221;4.27.4&#8243; _module_preset=&#8221;default&#8221; global_colors_info=&#8221;{}&#8221;][et_pb_text _builder_version=&#8221;4.27.4&#8243; _module_preset=&#8221;default&#8221; text_orientation=&#8221;center&#8221; max_width=&#8221;800px&#8221; module_alignment=&#8221;center&#8221; custom_margin=&#8221;||50px||false|false&#8221; global_colors_info=&#8221;{}&#8221;]<\/p>\n<h2>Igroove, drijvende kracht achter de Blacksheep Tribes-groep<\/h2>\n<p>Igroove is veel meer dan een eenvoudig IT-adviesbureau: het is <strong>een gemeenschap van gepassioneerde <\/strong>mensen die er trots op zijn deel uit te maken van de Blacksheep Tribes-groep.<\/p>\n<p>De groep is aanwezig in Belgi\u00eb en Frankrijk en brengt een ecosysteem van innovatieve bedrijven samen, elk met hun eigen expertise en gemeenschappelijke waarden: <strong>samenwerking, creativiteit en welwillendheid.<\/strong><\/p>\n<p>Onze IT-tak wordt vertegenwoordigd door onze twee zusterbedrijven in Belgi\u00eb, Igroove en Oniryx, die <strong>technische expertise, innovatie en teamgeest <\/strong>combineren.<\/p>\n<p>[\/et_pb_text][et_pb_image src=&#8221;https:\/\/i-groove.be\/wp-content\/uploads\/2025\/08\/Blacksheep-schema-1.webp&#8221; alt=&#8221;Logos de soci\u00e9t\u00e9s sous les banni\u00e8res fran\u00e7aises et belges, avec le titre %22Blacksheep Tribes%22 au centre.&#8221; title_text=&#8221;Blacksheep-schema&#8221; show_in_lightbox=&#8221;on&#8221; _builder_version=&#8221;4.27.4&#8243; _module_preset=&#8221;default&#8221; max_width=&#8221;700px&#8221; module_alignment=&#8221;center&#8221; custom_margin=&#8221;||35px||false|false&#8221; custom_css_free_form=&#8221;.mfp-img {||  background: #fff;||}&#8221; global_colors_info=&#8221;{}&#8221;][\/et_pb_image][et_pb_button button_url=&#8221;@ET-DC@eyJkeW5hbWljIjp0cnVlLCJjb250ZW50IjoicG9zdF9saW5rX3VybF9wYWdlIiwic2V0dGluZ3MiOnsicG9zdF9pZCI6IjE5NzMifX0=@&#8221; button_text=&#8221;Ontdek onze mogelijkheden&#8221; button_alignment=&#8221;center&#8221; _builder_version=&#8221;4.27.4&#8243; _dynamic_attributes=&#8221;button_url&#8221; _module_preset=&#8221;default&#8221; locked=&#8221;off&#8221; global_colors_info=&#8221;{}&#8221;][\/et_pb_button][\/et_pb_column][\/et_pb_row][\/et_pb_section][et_pb_section fb_built=&#8221;1&#8243; _builder_version=&#8221;4.27.4&#8243; _module_preset=&#8221;default&#8221; background_color=&#8221;gcid-heading-color&#8221; background_image=&#8221;https:\/\/i-groove.be\/wp-content\/uploads\/2025\/08\/shape-1-green.svg&#8221; background_size=&#8221;custom&#8221; background_image_width=&#8221;500px&#8221; background_position=&#8221;bottom_left&#8221; global_colors_info=&#8221;{%22gcid-heading-color%22:%91%22background_color%22%93}&#8221;][et_pb_row _builder_version=&#8221;4.27.4&#8243; _module_preset=&#8221;default&#8221; global_colors_info=&#8221;{}&#8221;][et_pb_column type=&#8221;4_4&#8243; _builder_version=&#8221;4.27.4&#8243; _module_preset=&#8221;default&#8221; global_colors_info=&#8221;{}&#8221;][et_pb_text _builder_version=&#8221;4.27.4&#8243; _module_preset=&#8221;default&#8221; text_orientation=&#8221;center&#8221; background_layout=&#8221;dark&#8221; max_width=&#8221;800px&#8221; module_alignment=&#8221;center&#8221; custom_margin=&#8221;||45px||false|false&#8221; global_colors_info=&#8221;{}&#8221;]<\/p>\n<h2>Ons hoofdkantoor? Een prachtig landhuis in het hart van Gembloux, op een steenworp afstand van het station.<\/h2>\n<p>Bij ons bruisen de kantoren van idee\u00ebn: het is veel meer dan een werkplek, het is <strong>een plek <\/strong>voor<strong> uitwisselingen<\/strong>, gezamenlijke koffiepauzes en spontane hulp. We werken samen, helpen elkaar, lanceren projecten en bovenal groeien we samen.<\/p>\n<p>[\/et_pb_text][dsm_image_carousel gallery_ids=&#8221;1047,1048,1025,1026,1027&#8243; sizes=&#8221;et-pb-post-main-image&#8221; lazyload=&#8221;on&#8221; _builder_version=&#8221;4.27.4&#8243; _module_preset=&#8221;ee87ee3d-5d03-4977-a04c-f76d03278986&#8243; locked=&#8221;off&#8221; global_colors_info=&#8221;{}&#8221;][\/dsm_image_carousel][et_pb_text _builder_version=&#8221;4.27.4&#8243; _module_preset=&#8221;default&#8221; text_orientation=&#8221;center&#8221; background_layout=&#8221;dark&#8221; max_width=&#8221;800px&#8221; module_alignment=&#8221;center&#8221; global_colors_info=&#8221;{}&#8221;]<\/p>\n<p>Bij Igroove is <strong>de expertise van onze teams <\/strong>onze grootste kracht. Gedreven door ieders energie gaan we samen vooruit om onze ambities waar te maken.<\/p>\n<p>[\/et_pb_text][\/et_pb_column][\/et_pb_row][et_pb_row _builder_version=&#8221;4.27.4&#8243; _module_preset=&#8221;6dfddc96-d2b6-4e70-88eb-73885a45163b&#8221; locked=&#8221;off&#8221; global_colors_info=&#8221;{}&#8221;][et_pb_column type=&#8221;4_4&#8243; _builder_version=&#8221;4.27.4&#8243; _module_preset=&#8221;default&#8221; global_colors_info=&#8221;{}&#8221;][et_pb_text _builder_version=&#8221;4.27.4&#8243; _module_preset=&#8221;c496df79-31a5-4313-be72-b9b1fd9a469a&#8221; background_layout=&#8221;dark&#8221; max_width=&#8221;700px&#8221; custom_margin=&#8221;||0px||false|false&#8221; global_colors_info=&#8221;{}&#8221;]<\/p>\n<p>Hier sta je nooit alleen voor uitdagingen: elkaar helpen en delen zit in <strong>ons DNA<\/strong>. Je vindt altijd wel een collega die je een handje helpt, tips deelt en je motiveert om verder te gaan.<\/p>\n<p>[\/et_pb_text][\/et_pb_column][\/et_pb_row][\/et_pb_section][et_pb_section fb_built=&#8221;1&#8243; _builder_version=&#8221;4.27.4&#8243; _module_preset=&#8221;ed4d78dd-f5bb-408b-b608-67e3398cbf86&#8243; background_color=&#8221;RGBA(255,255,255,0)&#8221; custom_padding=&#8221;|6vw|250px|6vw|false|true&#8221; locked=&#8221;off&#8221; global_colors_info=&#8221;{}&#8221;][et_pb_row make_equal=&#8221;on&#8221; _builder_version=&#8221;4.27.4&#8243; _module_preset=&#8221;default&#8221; custom_css_main_element=&#8221;align-items: center;&#8221; global_colors_info=&#8221;{}&#8221;][et_pb_column type=&#8221;4_4&#8243; _builder_version=&#8221;4.27.4&#8243; _module_preset=&#8221;default&#8221; global_colors_info=&#8221;{}&#8221;][et_pb_text _builder_version=&#8221;4.27.4&#8243; _module_preset=&#8221;default&#8221; text_orientation=&#8221;center&#8221; max_width=&#8221;600px&#8221; module_alignment=&#8221;center&#8221; custom_margin=&#8221;||40px||false|false&#8221; global_colors_info=&#8221;{}&#8221;]<\/p>\n<h2>Waarom bij ons werken?<\/h2>\n<p>Bij Igroove zijn we ervan overtuigd dat <strong>professionele ontplooiing <\/strong>alleen mogelijk is in een prettige werksfeer met uitdagende projecten. We cultiveren en investeren in een omgeving waar iedereen het beste van zichzelf kan geven, zonder ooit het menselijke aspect uit het oog te verliezen.<\/p>\n<p>Afterworks, LAN-party&#8217;s, filmavonden, borrels, teambuilding: onze formele en informele ontspanningsmomenten zijn in overeenstemming met <strong>onze ambities<\/strong>.<\/p>\n<p>[\/et_pb_text][dsm_image_carousel gallery_ids=&#8221;2645,2648,2651,2654,2657,2660,2663&#8243; sizes=&#8221;et-pb-post-main-image&#8221; lazyload=&#8221;on&#8221; _builder_version=&#8221;4.27.4&#8243; _module_preset=&#8221;ee87ee3d-5d03-4977-a04c-f76d03278986&#8243; locked=&#8221;off&#8221; global_colors_info=&#8221;{}&#8221;][\/dsm_image_carousel][et_pb_button button_url=&#8221;@ET-DC@eyJkeW5hbWljIjp0cnVlLCJjb250ZW50IjoicG9zdF9saW5rX3VybF9wYWdlIiwic2V0dGluZ3MiOnsicG9zdF9pZCI6IjE5NzMifX0=@&#8221; button_text=&#8221;Kom bij ons werken&#8221; button_alignment=&#8221;center&#8221; _builder_version=&#8221;4.27.4&#8243; _dynamic_attributes=&#8221;button_url&#8221; _module_preset=&#8221;default&#8221; locked=&#8221;off&#8221; global_colors_info=&#8221;{}&#8221;][\/et_pb_button][\/et_pb_column][\/et_pb_row][\/et_pb_section]<\/p>\n","protected":false},"excerpt":{"rendered":"<p>Wie zijn wij? Het team<div class=\"et_pb_module dsm_image_carousel dsm_image_carousel_0 \">\n\t\t\t\t\n\t\t\t\t\n\t\t\t\t\n\t\t\t\t\n\t\t\t\t\n\t\t\t\t\n\t\t\t\t<div class=\"et_pb_module_inner\">\n\t\t\t\t\t<div class=\"swiper-container dsm_image_carousel_container  dsm_image_carousel_carousel\" dir=\"ltr\"data-effect=\"default\"\n\t\t\tdata-slider-effect-shadows=\"false\"\n\t\t\tdata-slider-effect-coverflow-rotate=\"30\"\n\t\t\tdata-slider-effect-coverflow-depth=\"0\"\n\t\t\tdata-loop=\"true\"\n\t\t\tdata-slide-to-show=\"4\"\n\t\t\tdata-slide-to-show-tablet=\"1\"\n\t\t\tdata-slide-to-show-phone=\"1\"\n\t\t\tdata-slide-to-scroll=\"1\"\n\t\t\tdata-slide-to-scroll-tablet=\"1\"\n\t\t\tdata-slide-to-scroll-phone=\"1\"\n\t\t\tdata-space-between=\"30\"\n\t\t\tdata-space-between-tablet=\"30\"\n\t\t\tdata-space-between-phone=\"30\"\n\t\t\tdata-slide-row=\"1\"\n\t\t\tdata-centered-slides=\"false\"\n\t\t\tdata-speed=\"800\"\n\t\t\tdata-autoplay=\"true\"\n\t\t\tdata-autoplay-speed=\"3000\"\n\t\t\tdata-touch-move=\"true\"\n\t\t\tdata-grab=\"true\"\n\t\t\tdata-pause-on-hover=\"false\"\n\t\t\tdata-show-lightbox=\"true\"\n\t\t\tdata-lightbox-gallery=\"true\"\n\t\t\tdata-lightbox-caption=\"false\"\n\t\t\tdata-infinite-scrolling=\"false\"\n\t\t\tdata-slide-row-tablet=\"1\"\n\t\t\tdata-slide-row-phone=\"1\"\n\t\t\tdata-autoplay-viewport=80%\n\t\t\tdata-mousewheel=\"false\"\n\t\t\tdata-lazyload=\"true\"\n\t\t\tdata-type=\"carousel\"\n\t\t\tdata-slideshow-effect=\"default\"\n\t\t\tdata-slideshow-to-show=\"4\"\n\t\t\tdata-slideshow-to-show-tablet=\"4\"\n\t\t\tdata-slideshow-to-show-phone=\"\"\n\t\t\tdata-slider-orientation=\"horizontal\"\n\t\t\t\t\t\tdata-lightbox-title=\"false\"\n\n\t\t\t><div class=\"swiper-wrapper\"><div class=\"swiper-slide dsm_image_carousel_item\"><a class=\"dsm_image_carousel_lightbox\" href=\"https:\/\/i-groove.be\/wp-content\/uploads\/2025\/07\/IGROOVE-2-400x250.webp\" data-mfp-src=\"https:\/\/i-groove.be\/wp-content\/uploads\/2025\/07\/IGROOVE-2.webp\"><img loading=\"lazy\" decoding=\"async\" src=\"https:\/\/i-groove.be\/wp-content\/uploads\/2025\/07\/IGROOVE-2-400x250.webp\" alt=\"\u00c9quipe sur la terrasse du manoir Igroove\" title=\"IGROOVE-2\" width=\"400\" height=\"250\" data-dsm-image-description=\"\" class=\" swiper-lazy\" \/><\/a><\/div><div class=\"swiper-slide dsm_image_carousel_item\"><a class=\"dsm_image_carousel_lightbox\" href=\"https:\/\/i-groove.be\/wp-content\/uploads\/2025\/07\/IGROOVE-5-400x250.webp\" data-mfp-src=\"https:\/\/i-groove.be\/wp-content\/uploads\/2025\/07\/IGROOVE-5.webp\"><img loading=\"lazy\" decoding=\"async\" src=\"https:\/\/i-groove.be\/wp-content\/uploads\/2025\/07\/IGROOVE-5-400x250.webp\" alt=\"2 hommes face \u00e0 face travaillant sur son ordinateur\" title=\"IGROOVE-5\" width=\"400\" height=\"250\" data-dsm-image-description=\"\" class=\" swiper-lazy\" \/><\/a><\/div><div class=\"swiper-slide dsm_image_carousel_item\"><a class=\"dsm_image_carousel_lightbox\" href=\"https:\/\/i-groove.be\/wp-content\/uploads\/2025\/09\/Management-400x250.webp\" data-mfp-src=\"https:\/\/i-groove.be\/wp-content\/uploads\/2025\/09\/Management.webp\"><img loading=\"lazy\" decoding=\"async\" src=\"https:\/\/i-groove.be\/wp-content\/uploads\/2025\/09\/Management-400x250.webp\" alt=\"\" title=\"Management\" width=\"400\" height=\"250\" data-dsm-image-description=\"\" class=\" swiper-lazy\" \/><\/a><\/div><\/div><\/div><div class=\"swiper-button-prev swiper-arrow-button\" data-icon=\"4\"><\/div><div class=\"swiper-button-next swiper-arrow-button\" data-icon=\"5\"><\/div>\n\t\t\t\t<\/div>\n\t\t\t<\/div>Igroove, drijvende kracht achter de Blacksheep Tribes-groep Igroove is veel meer dan een eenvoudig IT-adviesbureau: het is een gemeenschap van gepassioneerde mensen die er trots op zijn deel uit te maken van de Blacksheep Tribes-groep. De groep is aanwezig in Belgi\u00eb en Frankrijk en brengt een ecosysteem van innovatieve bedrijven samen, elk met hun eigen expertise en gemeenschappelijke waarden: samenwerking, creativiteit en welwillendheid. Onze IT-tak wordt vertegenwoordigd door onze twee zusterbedrijven in Belgi\u00eb, Igroove en Oniryx, die technische expertise, innovatie en teamgeest combineren.Ons hoofdkantoor? Een prachtig landhuis in het hart van Gembloux, op een steenworp afstand van het station. Bij ons bruisen de kantoren van idee\u00ebn: het is veel meer dan een werkplek, het is een plek voor uitwisselingen, gezamenlijke koffiepauzes en spontane hulp. We werken samen, helpen elkaar, lanceren projecten en bovenal groeien we samen.<div class=\"et_pb_module dsm_image_carousel dsm_image_carousel_1 \">\n\t\t\t\t\n\t\t\t\t\n\t\t\t\t\n\t\t\t\t\n\t\t\t\t\n\t\t\t\t\n\t\t\t\t<div class=\"et_pb_module_inner\">\n\t\t\t\t\t<div class=\"swiper-container dsm_image_carousel_container  dsm_image_carousel_carousel\" dir=\"ltr\"data-effect=\"default\"\n\t\t\tdata-slider-effect-shadows=\"false\"\n\t\t\tdata-slider-effect-coverflow-rotate=\"30\"\n\t\t\tdata-slider-effect-coverflow-depth=\"0\"\n\t\t\tdata-loop=\"true\"\n\t\t\tdata-slide-to-show=\"4\"\n\t\t\tdata-slide-to-show-tablet=\"1\"\n\t\t\tdata-slide-to-show-phone=\"1\"\n\t\t\tdata-slide-to-scroll=\"1\"\n\t\t\tdata-slide-to-scroll-tablet=\"1\"\n\t\t\tdata-slide-to-scroll-phone=\"1\"\n\t\t\tdata-space-between=\"30\"\n\t\t\tdata-space-between-tablet=\"30\"\n\t\t\tdata-space-between-phone=\"30\"\n\t\t\tdata-slide-row=\"1\"\n\t\t\tdata-centered-slides=\"false\"\n\t\t\tdata-speed=\"800\"\n\t\t\tdata-autoplay=\"true\"\n\t\t\tdata-autoplay-speed=\"3000\"\n\t\t\tdata-touch-move=\"true\"\n\t\t\tdata-grab=\"true\"\n\t\t\tdata-pause-on-hover=\"false\"\n\t\t\tdata-show-lightbox=\"true\"\n\t\t\tdata-lightbox-gallery=\"true\"\n\t\t\tdata-lightbox-caption=\"false\"\n\t\t\tdata-infinite-scrolling=\"false\"\n\t\t\tdata-slide-row-tablet=\"1\"\n\t\t\tdata-slide-row-phone=\"1\"\n\t\t\tdata-autoplay-viewport=80%\n\t\t\tdata-mousewheel=\"false\"\n\t\t\tdata-lazyload=\"true\"\n\t\t\tdata-type=\"carousel\"\n\t\t\tdata-slideshow-effect=\"default\"\n\t\t\tdata-slideshow-to-show=\"4\"\n\t\t\tdata-slideshow-to-show-tablet=\"4\"\n\t\t\tdata-slideshow-to-show-phone=\"\"\n\t\t\tdata-slider-orientation=\"horizontal\"\n\t\t\t\t\t\tdata-lightbox-title=\"false\"\n\n\t\t\t><div class=\"swiper-wrapper\"><div class=\"swiper-slide dsm_image_carousel_item\"><a class=\"dsm_image_carousel_lightbox\" href=\"https:\/\/i-groove.be\/wp-content\/uploads\/2025\/07\/ONIRYX-Manoir-16-400x250.webp\" data-mfp-src=\"https:\/\/i-groove.be\/wp-content\/uploads\/2025\/07\/ONIRYX-Manoir-16.webp\"><img loading=\"lazy\" decoding=\"async\" src=\"https:\/\/i-groove.be\/wp-content\/uploads\/2025\/07\/ONIRYX-Manoir-16-400x250.webp\" alt=\"Oniryx vue ext\u00e9rieure\" title=\"ONIRYX-Manoir-16\" width=\"400\" height=\"250\" data-dsm-image-description=\"\" class=\" swiper-lazy\" \/><\/a><\/div><div class=\"swiper-slide dsm_image_carousel_item\"><a class=\"dsm_image_carousel_lightbox\" href=\"https:\/\/i-groove.be\/wp-content\/uploads\/2025\/07\/ONIRYX-Manoir-17-400x250.webp\" data-mfp-src=\"https:\/\/i-groove.be\/wp-content\/uploads\/2025\/07\/ONIRYX-Manoir-17.webp\"><img loading=\"lazy\" decoding=\"async\" src=\"https:\/\/i-groove.be\/wp-content\/uploads\/2025\/07\/ONIRYX-Manoir-17-400x250.webp\" alt=\"\" title=\"ONIRYX-Manoir-17\" width=\"400\" height=\"250\" data-dsm-image-description=\"\" class=\" swiper-lazy\" \/><\/a><\/div><div class=\"swiper-slide dsm_image_carousel_item\"><a class=\"dsm_image_carousel_lightbox\" href=\"https:\/\/i-groove.be\/wp-content\/uploads\/2025\/07\/ONIRYX-1e-prix-Michael-Fiorito-400x250.webp\" data-mfp-src=\"https:\/\/i-groove.be\/wp-content\/uploads\/2025\/07\/ONIRYX-1e-prix-Michael-Fiorito.webp\"><img loading=\"lazy\" decoding=\"async\" src=\"https:\/\/i-groove.be\/wp-content\/uploads\/2025\/07\/ONIRYX-1e-prix-Michael-Fiorito-400x250.webp\" alt=\"Oniryx manoir au coucher du soleil\" title=\"ONIRYX-1e-prix-Michael-Fiorito\" width=\"400\" height=\"250\" data-dsm-image-description=\"\" class=\" swiper-lazy\" \/><\/a><\/div><div class=\"swiper-slide dsm_image_carousel_item\"><a class=\"dsm_image_carousel_lightbox\" href=\"https:\/\/i-groove.be\/wp-content\/uploads\/2025\/07\/ONIRYX-2eme-Prix-Chantal-400x250.webp\" data-mfp-src=\"https:\/\/i-groove.be\/wp-content\/uploads\/2025\/07\/ONIRYX-2eme-Prix-Chantal.webp\"><img loading=\"lazy\" decoding=\"async\" src=\"https:\/\/i-groove.be\/wp-content\/uploads\/2025\/07\/ONIRYX-2eme-Prix-Chantal-400x250.webp\" alt=\"Oniryx manoir apr\u00e8s-midi ensoleill\u00e9\" title=\"ONIRYX-2eme-Prix-Chantal\" width=\"400\" height=\"250\" data-dsm-image-description=\"\" class=\" swiper-lazy\" \/><\/a><\/div><div class=\"swiper-slide dsm_image_carousel_item\"><a class=\"dsm_image_carousel_lightbox\" href=\"https:\/\/i-groove.be\/wp-content\/uploads\/2025\/07\/ONIRYX-3eme-Prix-Steve-De-Meyer-400x250.webp\" data-mfp-src=\"https:\/\/i-groove.be\/wp-content\/uploads\/2025\/07\/ONIRYX-3eme-Prix-Steve-De-Meyer.webp\"><img loading=\"lazy\" decoding=\"async\" src=\"https:\/\/i-groove.be\/wp-content\/uploads\/2025\/07\/ONIRYX-3eme-Prix-Steve-De-Meyer-400x250.webp\" alt=\"Oniryx manoir et figurine Totoro\" title=\"ONIRYX-3eme-Prix-Steve-De-Meyer\" width=\"400\" height=\"250\" data-dsm-image-description=\"\" class=\" swiper-lazy\" \/><\/a><\/div><\/div><\/div><div class=\"swiper-button-prev swiper-arrow-button\" data-icon=\"4\"><\/div><div class=\"swiper-button-next swiper-arrow-button\" data-icon=\"5\"><\/div>\n\t\t\t\t<\/div>\n\t\t\t<\/div>Bij Igroove is de expertise van onze teams onze grootste kracht. Gedreven door ieders energie gaan we samen vooruit om onze ambities waar te maken.Hier sta je nooit alleen voor uitdagingen: elkaar helpen en delen zit in ons DNA. Je vindt altijd wel een collega die [&hellip;]<\/p>\n","protected":false},"author":1,"featured_media":0,"parent":0,"menu_order":30,"comment_status":"closed","ping_status":"closed","template":"","meta":{"_et_pb_use_builder":"on","_et_pb_old_content":"","_et_gb_content_width":"","footnotes":""},"class_list":["post-2874","page","type-page","status-publish","hentry"],"yoast_head":"<!-- This site is optimized with the Yoast SEO plugin v27.3 - https:\/\/yoast.com\/product\/yoast-seo-wordpress\/ -->\n<title>Wie zijn wij?<\/title>\n<meta name=\"description\" content=\"Igroove is een IT-bedrijf waar vrijheid, respect en vertrouwen iedereen in staat stellen zich te uiten, te ontwikkelen en bij te dragen aan een betrokken collectief.\" \/>\n<meta name=\"robots\" content=\"index, follow, max-snippet:-1, max-image-preview:large, max-video-preview:-1\" \/>\n<link rel=\"canonical\" href=\"https:\/\/i-groove.be\/nl\/het-team\/\" \/>\n<meta property=\"og:locale\" content=\"nl_NL\" \/>\n<meta property=\"og:type\" content=\"article\" \/>\n<meta property=\"og:title\" content=\"Wie zijn wij?\" \/>\n<meta property=\"og:description\" content=\"Igroove is een IT-bedrijf waar vrijheid, respect en vertrouwen iedereen in staat stellen zich te uiten, te ontwikkelen en bij te dragen aan een betrokken collectief.\" \/>\n<meta property=\"og:url\" content=\"https:\/\/i-groove.be\/nl\/het-team\/\" \/>\n<meta property=\"og:site_name\" content=\"I-Groove\" \/>\n<meta property=\"article:modified_time\" content=\"2025-09-26T14:47:46+00:00\" \/>\n<meta name=\"twitter:card\" content=\"summary_large_image\" \/>\n<meta name=\"twitter:label1\" content=\"Geschatte leestijd\" \/>\n\t<meta name=\"twitter:data1\" content=\"5 minuten\" \/>\n<script type=\"application\/ld+json\" class=\"yoast-schema-graph\">{\"@context\":\"https:\\\/\\\/schema.org\",\"@graph\":[{\"@type\":\"WebPage\",\"@id\":\"https:\\\/\\\/i-groove.be\\\/nl\\\/het-team\\\/\",\"url\":\"https:\\\/\\\/i-groove.be\\\/nl\\\/het-team\\\/\",\"name\":\"Wie zijn wij?\",\"isPartOf\":{\"@id\":\"https:\\\/\\\/i-groove.be\\\/nl\\\/#website\"},\"datePublished\":\"2025-07-17T13:30:51+00:00\",\"dateModified\":\"2025-09-26T14:47:46+00:00\",\"description\":\"Igroove is een IT-bedrijf waar vrijheid, respect en vertrouwen iedereen in staat stellen zich te uiten, te ontwikkelen en bij te dragen aan een betrokken collectief.\",\"breadcrumb\":{\"@id\":\"https:\\\/\\\/i-groove.be\\\/nl\\\/het-team\\\/#breadcrumb\"},\"inLanguage\":\"nl-NL\",\"potentialAction\":[{\"@type\":\"ReadAction\",\"target\":[\"https:\\\/\\\/i-groove.be\\\/nl\\\/het-team\\\/\"]}]},{\"@type\":\"BreadcrumbList\",\"@id\":\"https:\\\/\\\/i-groove.be\\\/nl\\\/het-team\\\/#breadcrumb\",\"itemListElement\":[{\"@type\":\"ListItem\",\"position\":1,\"name\":\"Accueil\",\"item\":\"https:\\\/\\\/i-groove.be\\\/nl\\\/\"},{\"@type\":\"ListItem\",\"position\":2,\"name\":\"Het team\"}]},{\"@type\":\"WebSite\",\"@id\":\"https:\\\/\\\/i-groove.be\\\/nl\\\/#website\",\"url\":\"https:\\\/\\\/i-groove.be\\\/nl\\\/\",\"name\":\"I-Groove\",\"description\":\"\",\"potentialAction\":[{\"@type\":\"SearchAction\",\"target\":{\"@type\":\"EntryPoint\",\"urlTemplate\":\"https:\\\/\\\/i-groove.be\\\/nl\\\/?s={search_term_string}\"},\"query-input\":{\"@type\":\"PropertyValueSpecification\",\"valueRequired\":true,\"valueName\":\"search_term_string\"}}],\"inLanguage\":\"nl-NL\"}]}<\/script>\n<!-- \/ Yoast SEO plugin. -->","yoast_head_json":{"title":"Wie zijn wij?","description":"Igroove is een IT-bedrijf waar vrijheid, respect en vertrouwen iedereen in staat stellen zich te uiten, te ontwikkelen en bij te dragen aan een betrokken collectief.","robots":{"index":"index","follow":"follow","max-snippet":"max-snippet:-1","max-image-preview":"max-image-preview:large","max-video-preview":"max-video-preview:-1"},"canonical":"https:\/\/i-groove.be\/nl\/het-team\/","og_locale":"nl_NL","og_type":"article","og_title":"Wie zijn wij?","og_description":"Igroove is een IT-bedrijf waar vrijheid, respect en vertrouwen iedereen in staat stellen zich te uiten, te ontwikkelen en bij te dragen aan een betrokken collectief.","og_url":"https:\/\/i-groove.be\/nl\/het-team\/","og_site_name":"I-Groove","article_modified_time":"2025-09-26T14:47:46+00:00","twitter_card":"summary_large_image","twitter_misc":{"Geschatte leestijd":"5 minuten"},"schema":{"@context":"https:\/\/schema.org","@graph":[{"@type":"WebPage","@id":"https:\/\/i-groove.be\/nl\/het-team\/","url":"https:\/\/i-groove.be\/nl\/het-team\/","name":"Wie zijn wij?","isPartOf":{"@id":"https:\/\/i-groove.be\/nl\/#website"},"datePublished":"2025-07-17T13:30:51+00:00","dateModified":"2025-09-26T14:47:46+00:00","description":"Igroove is een IT-bedrijf waar vrijheid, respect en vertrouwen iedereen in staat stellen zich te uiten, te ontwikkelen en bij te dragen aan een betrokken collectief.","breadcrumb":{"@id":"https:\/\/i-groove.be\/nl\/het-team\/#breadcrumb"},"inLanguage":"nl-NL","potentialAction":[{"@type":"ReadAction","target":["https:\/\/i-groove.be\/nl\/het-team\/"]}]},{"@type":"BreadcrumbList","@id":"https:\/\/i-groove.be\/nl\/het-team\/#breadcrumb","itemListElement":[{"@type":"ListItem","position":1,"name":"Accueil","item":"https:\/\/i-groove.be\/nl\/"},{"@type":"ListItem","position":2,"name":"Het team"}]},{"@type":"WebSite","@id":"https:\/\/i-groove.be\/nl\/#website","url":"https:\/\/i-groove.be\/nl\/","name":"I-Groove","description":"","potentialAction":[{"@type":"SearchAction","target":{"@type":"EntryPoint","urlTemplate":"https:\/\/i-groove.be\/nl\/?s={search_term_string}"},"query-input":{"@type":"PropertyValueSpecification","valueRequired":true,"valueName":"search_term_string"}}],"inLanguage":"nl-NL"}]}},"_links":{"self":[{"href":"https:\/\/i-groove.be\/nl\/wp-json\/wp\/v2\/pages\/2874","targetHints":{"allow":["GET"]}}],"collection":[{"href":"https:\/\/i-groove.be\/nl\/wp-json\/wp\/v2\/pages"}],"about":[{"href":"https:\/\/i-groove.be\/nl\/wp-json\/wp\/v2\/types\/page"}],"author":[{"embeddable":true,"href":"https:\/\/i-groove.be\/nl\/wp-json\/wp\/v2\/users\/1"}],"replies":[{"embeddable":true,"href":"https:\/\/i-groove.be\/nl\/wp-json\/wp\/v2\/comments?post=2874"}],"version-history":[{"count":6,"href":"https:\/\/i-groove.be\/nl\/wp-json\/wp\/v2\/pages\/2874\/revisions"}],"predecessor-version":[{"id":3468,"href":"https:\/\/i-groove.be\/nl\/wp-json\/wp\/v2\/pages\/2874\/revisions\/3468"}],"wp:attachment":[{"href":"https:\/\/i-groove.be\/nl\/wp-json\/wp\/v2\/media?parent=2874"}],"curies":[{"name":"wp","href":"https:\/\/api.w.org\/{rel}","templated":true}]}}